{"id":43,"date":"2022-03-08T13:02:30","date_gmt":"2022-03-08T13:02:30","guid":{"rendered":"https:\/\/impreza44.us-themes.com\/?page_id=43"},"modified":"2025-02-27T12:39:41","modified_gmt":"2025-02-27T11:39:41","slug":"home","status":"publish","type":"page","link":"https:\/\/camarotedetomas.com\/es\/","title":{"rendered":"Inicio"},"content":{"rendered":"<section class=\"l-section wpb_row height_auto\"><div class=\"l-section-h i-cf\"><div class=\"g-cols vc_row via_grid cols_1 laptops-cols_inherit tablets-cols_inherit mobiles-cols_1 valign_top type_default stacking_default\"><div class=\"wpb_column vc_column_container\"><div class=\"vc_column-inner\"><div class=\"g-cols wpb_row via_grid cols_2 laptops-cols_inherit tablets-cols_inherit mobiles-cols_1 valign_middle type_default stacking_default\" style=\"--columns-gap:3rem;\"><div class=\"wpb_column vc_column_container\"><div class=\"vc_column-inner\"><div class=\"w-slider style_none fit_scaledown nav_none count_4\"><div class=\"w-slider-h\" aria-hidden=\"true\"><div class=\"royalSlider\"><div class=\"rsContent\"><a class=\"rsImg\" data-rsw=\"2048\" data-rsh=\"2560\" href=\"https:\/\/camarotedetomas.com\/wp-content\/uploads\/2024\/10\/WEB-El-Camarote-de-Tomas-20240430-Barcelona-MoneoMoneo-0020.jpg\"><span data-alt=\"\"><\/span><\/a><\/div><div class=\"rsContent\"><a class=\"rsImg\" data-rsw=\"2048\" data-rsh=\"2560\" href=\"https:\/\/camarotedetomas.com\/wp-content\/uploads\/2024\/10\/WEB-El-Camarote-de-Tomas-20241015-Barcelona-MoneoMoneo-18.jpg\"><span data-alt=\"\"><\/span><\/a><\/div><div class=\"rsContent\"><a class=\"rsImg\" data-rsw=\"2048\" data-rsh=\"2560\" href=\"https:\/\/camarotedetomas.com\/wp-content\/uploads\/2024\/10\/WEB-El-Camarote-de-Tomas-20241015-Barcelona-MoneoMoneo-01.jpg\"><span data-alt=\"\"><\/span><\/a><\/div><div class=\"rsContent\"><a class=\"rsImg\" data-rsw=\"2048\" data-rsh=\"2560\" href=\"https:\/\/camarotedetomas.com\/wp-content\/uploads\/2024\/10\/WEB-El-Camarote-de-Tomas-20241015-Barcelona-MoneoMoneo-02.jpg\"><span data-alt=\"\"><\/span><\/a><\/div><\/div><img decoding=\"async\" src=\"https:\/\/camarotedetomas.com\/wp-content\/uploads\/2024\/10\/WEB-El-Camarote-de-Tomas-20240430-Barcelona-MoneoMoneo-0020.jpg\" width=\"2048\" height=\"2560\" alt loading=\"lazy\"><\/div><div class=\"w-slider-json\" onclick='return {&quot;autoScaleSlider&quot;:true,&quot;addActiveClass&quot;:true,&quot;loop&quot;:true,&quot;fadeInLoadedSlide&quot;:false,&quot;slidesSpacing&quot;:0,&quot;imageScalePadding&quot;:0,&quot;numImagesToPreload&quot;:2,&quot;arrowsNav&quot;:false,&quot;arrowsNavAutoHide&quot;:false,&quot;transitionType&quot;:&quot;fade&quot;,&quot;transitionSpeed&quot;:250,&quot;block&quot;:{&quot;moveEffect&quot;:&quot;none&quot;,&quot;speed&quot;:300},&quot;thumbs&quot;:{&quot;fitInViewport&quot;:false,&quot;firstMargin&quot;:false,&quot;spacing&quot;:4},&quot;controlNavigation&quot;:&quot;none&quot;,&quot;autoplay&quot;:{&quot;enabled&quot;:true,&quot;pauseOnHover&quot;:false,&quot;delay&quot;:3000},&quot;autoScaleSliderWidth&quot;:2048,&quot;autoScaleSliderHeight&quot;:2560}'><\/div><\/div><\/div><\/div><div class=\"wpb_column vc_column_container us_custom_424aacd9 has_bg_color\"><div class=\"vc_column-inner\"><h4 class=\"w-text\"><span class=\"w-text-h\"><span class=\"w-text-value\">El Camarote de Tom\u00e0s es un cl\u00e1sico de marisco y pescado en el coraz\u00f3n del Poble Sec.<\/span><\/span><\/h4><div class=\"w-separator size_small\"><\/div><h4 class=\"w-text\"><span class=\"w-text-h\"><span class=\"w-text-value\">Desde el 1998 nuestra filosof\u00eda ha sido la de trabajar con producto de calidad, ofreciendo un trato directo y personalizado en nuestros clientes.<\/span><\/span><\/h4><\/div><\/div><\/div><\/div><\/div><\/div><\/div><\/section><section class=\"l-section wpb_row height_custom color_alternate\"><div class=\"l-section-h i-cf\"><div class=\"g-cols vc_row via_grid cols_1 laptops-cols_inherit tablets-cols_inherit mobiles-cols_1 valign_top type_default stacking_default\"><div class=\"wpb_column vc_column_container us_custom_a3fe022d has_bg_color\"><div class=\"vc_column-inner\"><div class=\"g-cols wpb_row via_grid cols_2 laptops-cols_inherit tablets-cols_inherit mobiles-cols_1 valign_middle type_default reversed stacking_default\" style=\"--columns-gap:3rem;\"><div class=\"wpb_column vc_column_container us_custom_424aacd9 has_bg_color\" id=\"carta\"><div class=\"vc_column-inner\"><h4 class=\"w-text us_custom_2381e58b\"><span class=\"w-text-h\"><span class=\"w-text-value\">Seleccionamos a diario producto de m\u00e1xima calidad, indiscutible protagonista de nuestro establecimiento, para ofrecerlo a nuestra vitrina: percebes, rodaballo, cigalas de costa, gamba roja de Palam\u00f2s, chipirones de playa y navajas del Delta son algunas de las m\u00e1s de treinta referencias de las que podr\u00e1 disfrutar.<\/span><\/span><\/h4><div class=\"w-separator size_small\"><\/div><div class=\"w-hwrapper valign_top align_none\"><div class=\"w-btn-wrapper align_none\"><a class=\"w-btn us-btn-style_6\" href=\"https:\/\/camarotedetomas.com\/wp-content\/uploads\/2024\/10\/MENUCAMAROTEIDIOMES-DIN3.pdf\"><span class=\"w-btn-label\">Carta<\/span><\/a><\/div><\/div><\/div><\/div><div class=\"wpb_column vc_column_container\"><div class=\"vc_column-inner\"><div class=\"w-slider style_none fit_scaledown nav_none count_4\"><div class=\"w-slider-h\" aria-hidden=\"true\"><div class=\"royalSlider\"><div class=\"rsContent\"><a class=\"rsImg\" data-rsw=\"2048\" data-rsh=\"2560\" href=\"https:\/\/camarotedetomas.com\/wp-content\/uploads\/2024\/10\/WEB-El-Camarote-de-Tomas-20240705-Barcelona-MoneoMoneo-0014.jpg\"><span data-alt=\"\"><\/span><\/a><\/div><div class=\"rsContent\"><a class=\"rsImg\" data-rsw=\"2048\" data-rsh=\"2560\" href=\"https:\/\/camarotedetomas.com\/wp-content\/uploads\/2024\/10\/WEB-El-Camarote-de-Tomas-20241015-Barcelona-MoneoMoneo-11.jpg\"><span data-alt=\"\"><\/span><\/a><\/div><div class=\"rsContent\"><a class=\"rsImg\" data-rsw=\"2048\" data-rsh=\"2560\" href=\"https:\/\/camarotedetomas.com\/wp-content\/uploads\/2024\/10\/WEB-El-Camarote-de-Tomas-20240705-Barcelona-MoneoMoneo-0016.jpg\"><span data-alt=\"\"><\/span><\/a><\/div><div class=\"rsContent\"><a class=\"rsImg\" data-rsw=\"2048\" data-rsh=\"2560\" href=\"https:\/\/camarotedetomas.com\/wp-content\/uploads\/2024\/10\/WEB-El-Camarote-de-Tomas-20241015-Barcelona-MoneoMoneo-05.jpg\"><span data-alt=\"\"><\/span><\/a><\/div><\/div><img decoding=\"async\" src=\"https:\/\/camarotedetomas.com\/wp-content\/uploads\/2024\/10\/WEB-El-Camarote-de-Tomas-20240705-Barcelona-MoneoMoneo-0014.jpg\" width=\"2048\" height=\"2560\" alt loading=\"lazy\"><\/div><div class=\"w-slider-json\" onclick='return {&quot;autoScaleSlider&quot;:true,&quot;addActiveClass&quot;:true,&quot;loop&quot;:true,&quot;fadeInLoadedSlide&quot;:false,&quot;slidesSpacing&quot;:0,&quot;imageScalePadding&quot;:0,&quot;numImagesToPreload&quot;:2,&quot;arrowsNav&quot;:false,&quot;arrowsNavAutoHide&quot;:false,&quot;transitionType&quot;:&quot;fade&quot;,&quot;transitionSpeed&quot;:250,&quot;block&quot;:{&quot;moveEffect&quot;:&quot;none&quot;,&quot;speed&quot;:300},&quot;thumbs&quot;:{&quot;fitInViewport&quot;:false,&quot;firstMargin&quot;:false,&quot;spacing&quot;:4},&quot;controlNavigation&quot;:&quot;none&quot;,&quot;autoplay&quot;:{&quot;enabled&quot;:true,&quot;pauseOnHover&quot;:false,&quot;delay&quot;:3000},&quot;autoScaleSliderWidth&quot;:2048,&quot;autoScaleSliderHeight&quot;:2560}'><\/div><\/div><\/div><\/div><\/div><\/div><\/div><\/div><\/div><\/section><section class=\"l-section wpb_row height_custom color_alternate\" id=\"about\"><div class=\"l-section-h i-cf\"><div class=\"g-cols vc_row via_grid cols_1 laptops-cols_inherit tablets-cols_inherit mobiles-cols_1 valign_top type_default stacking_default\"><div class=\"wpb_column vc_column_container us_custom_a3fe022d has_bg_color\"><div class=\"vc_column-inner\"><div class=\"g-cols wpb_row via_grid cols_2 laptops-cols_inherit tablets-cols_inherit mobiles-cols_1 valign_middle type_default stacking_default\" style=\"--columns-gap:3rem;\"><div class=\"wpb_column vc_column_container\"><div class=\"vc_column-inner\"><div class=\"w-slider style_none fit_scaledown nav_none count_3\"><div class=\"w-slider-h\" aria-hidden=\"true\"><div class=\"royalSlider\"><div class=\"rsContent\"><a class=\"rsImg\" data-rsw=\"2048\" data-rsh=\"2560\" href=\"https:\/\/camarotedetomas.com\/wp-content\/uploads\/2024\/10\/WEB-El-Camarote-de-Tomas-20240705-Barcelona-MoneoMoneo-0012.jpg\"><span data-alt=\"\"><\/span><\/a><\/div><div class=\"rsContent\"><a class=\"rsImg\" data-rsw=\"2048\" data-rsh=\"2560\" href=\"https:\/\/camarotedetomas.com\/wp-content\/uploads\/2024\/09\/WEB-El-Camarote-de-Tomas-20240705-Barcelona-MoneoMoneo-0036.jpg\"><span data-alt=\"\"><\/span><\/a><\/div><div class=\"rsContent\"><a class=\"rsImg\" data-rsw=\"2048\" data-rsh=\"2560\" href=\"https:\/\/camarotedetomas.com\/wp-content\/uploads\/2024\/10\/WEB-El-Camarote-de-Tomas-20241015-Barcelona-MoneoMoneo-26.jpg\"><span data-alt=\"\"><\/span><\/a><\/div><\/div><img decoding=\"async\" src=\"https:\/\/camarotedetomas.com\/wp-content\/uploads\/2024\/10\/WEB-El-Camarote-de-Tomas-20240705-Barcelona-MoneoMoneo-0012.jpg\" width=\"2048\" height=\"2560\" alt loading=\"lazy\"><\/div><div class=\"w-slider-json\" onclick='return {&quot;autoScaleSlider&quot;:true,&quot;addActiveClass&quot;:true,&quot;loop&quot;:true,&quot;fadeInLoadedSlide&quot;:false,&quot;slidesSpacing&quot;:0,&quot;imageScalePadding&quot;:0,&quot;numImagesToPreload&quot;:2,&quot;arrowsNav&quot;:false,&quot;arrowsNavAutoHide&quot;:false,&quot;transitionType&quot;:&quot;fade&quot;,&quot;transitionSpeed&quot;:250,&quot;block&quot;:{&quot;moveEffect&quot;:&quot;none&quot;,&quot;speed&quot;:300},&quot;thumbs&quot;:{&quot;fitInViewport&quot;:false,&quot;firstMargin&quot;:false,&quot;spacing&quot;:4},&quot;controlNavigation&quot;:&quot;none&quot;,&quot;autoplay&quot;:{&quot;enabled&quot;:true,&quot;pauseOnHover&quot;:false,&quot;delay&quot;:3000},&quot;autoScaleSliderWidth&quot;:2048,&quot;autoScaleSliderHeight&quot;:2560}'><\/div><\/div><\/div><\/div><div class=\"wpb_column vc_column_container us_custom_424aacd9 has_bg_color\"><div class=\"vc_column-inner\"><h4 class=\"w-text icon_atleft\"><span class=\"w-text-h\"><i class=\"fas fa-quote-left\"><\/i><span class=\"w-text-value\">La del Camarote era y es una cocina poco intervencionista. Marisco a la plancha. Pescado al horno. Entrantes con pocos m\u00e1s pasos. Producto real.<\/span><\/span><\/h4><\/div><\/div><\/div><\/div><\/div><\/div><\/div><\/section><section class=\"l-section wpb_row height_custom color_alternate\"><div class=\"l-section-h i-cf\"><div class=\"g-cols vc_row via_grid cols_1 laptops-cols_inherit tablets-cols_inherit mobiles-cols_1 valign_top type_default stacking_default\"><div class=\"wpb_column vc_column_container us_custom_a3fe022d has_bg_color\"><div class=\"vc_column-inner\"><div class=\"g-cols wpb_row via_grid cols_2 laptops-cols_inherit tablets-cols_inherit mobiles-cols_1 valign_middle type_default reversed stacking_default\" style=\"--columns-gap:3rem;\"><div class=\"wpb_column vc_column_container us_custom_424aacd9 has_bg_color\"><div class=\"vc_column-inner\"><h4 class=\"w-text\"><span class=\"w-text-h\"><span class=\"w-text-value\">Somos una peque\u00f1a marisqueria situada en el coraz\u00f3n del Pueble Sec.<\/span><\/span><\/h4><div class=\"w-separator size_small\"><\/div><h4 class=\"w-text\"><span class=\"w-text-h\"><span class=\"w-text-value\">Nuestro local \u00edntimo es perfecto para peque\u00f1as grandes celebraciones. Pod\u00e9is consultar nuestro men\u00fa degustaci\u00f3n para grupos, as\u00ed como la posibilidad de disfrutar de todo el espacio en exclusividad.<\/span><\/span><\/h4><div class=\"w-separator size_small\"><\/div><h4 class=\"w-text\"><span class=\"w-text-h\"><span class=\"w-text-value\">Tambi\u00e9n podr\u00e9is disfrutar de nuestra terraza.<\/span><\/span><\/h4><div class=\"w-separator size_small\"><\/div><div class=\"w-iconbox iconpos_left style_default color_primary align_left no_text\"><a href=\"https:\/\/maps.app.goo.gl\/N5N88d9J7R3vDA1f6\" class=\"w-iconbox-link\" aria-label=\"\u00bfComo llegar?\"><div class=\"w-iconbox-icon\" style=\"font-size:2rem;\"><i class=\"fas fa-map-marked-alt\"><\/i><\/div><\/a><div class=\"w-iconbox-meta\"><h4 class=\"w-iconbox-title\"><a href=\"https:\/\/maps.app.goo.gl\/N5N88d9J7R3vDA1f6\" class=\"w-iconbox-link\" aria-label=\"\u00bfComo llegar?\">\u00bfComo llegar?<\/a><\/h4><\/div><\/div><\/div><\/div><div class=\"wpb_column vc_column_container\"><div class=\"vc_column-inner\"><div class=\"w-slider style_none fit_scaledown nav_none count_3\"><div class=\"w-slider-h\" aria-hidden=\"true\"><div class=\"royalSlider\"><div class=\"rsContent\"><a class=\"rsImg\" data-rsw=\"2048\" data-rsh=\"2560\" href=\"https:\/\/camarotedetomas.com\/wp-content\/uploads\/2024\/09\/7MEGAS-El-Camarote-de-Tomas-20240430-Barcelona-MoneoMoneo-0030-scaled.jpg\"><span data-alt=\"\"><\/span><\/a><\/div><div class=\"rsContent\"><a class=\"rsImg\" data-rsw=\"2048\" data-rsh=\"2560\" href=\"https:\/\/camarotedetomas.com\/wp-content\/uploads\/2024\/11\/WEB-El-Camarote-de-Tomas-20240430-Barcelona-MoneoMoneo-00301.jpg\"><span data-alt=\"\"><\/span><\/a><\/div><div class=\"rsContent\"><a class=\"rsImg\" data-rsw=\"2048\" data-rsh=\"2560\" href=\"https:\/\/camarotedetomas.com\/wp-content\/uploads\/2024\/09\/7MEGAS-El-Camarote-de-Tomas-20240430-Barcelona-MoneoMoneo-0024-scaled.jpg\"><span data-alt=\"\"><\/span><\/a><\/div><\/div><img decoding=\"async\" src=\"https:\/\/camarotedetomas.com\/wp-content\/uploads\/2024\/09\/7MEGAS-El-Camarote-de-Tomas-20240430-Barcelona-MoneoMoneo-0030-scaled.jpg\" width=\"2048\" height=\"2560\" alt loading=\"lazy\"><\/div><div class=\"w-slider-json\" onclick='return {&quot;autoScaleSlider&quot;:true,&quot;addActiveClass&quot;:true,&quot;loop&quot;:true,&quot;fadeInLoadedSlide&quot;:false,&quot;slidesSpacing&quot;:0,&quot;imageScalePadding&quot;:0,&quot;numImagesToPreload&quot;:2,&quot;arrowsNav&quot;:false,&quot;arrowsNavAutoHide&quot;:false,&quot;transitionType&quot;:&quot;fade&quot;,&quot;transitionSpeed&quot;:250,&quot;block&quot;:{&quot;moveEffect&quot;:&quot;none&quot;,&quot;speed&quot;:300},&quot;thumbs&quot;:{&quot;fitInViewport&quot;:false,&quot;firstMargin&quot;:false,&quot;spacing&quot;:4},&quot;controlNavigation&quot;:&quot;none&quot;,&quot;autoplay&quot;:{&quot;enabled&quot;:true,&quot;pauseOnHover&quot;:false,&quot;delay&quot;:3000},&quot;autoScaleSliderWidth&quot;:2048,&quot;autoScaleSliderHeight&quot;:2560}'><\/div><\/div><\/div><\/div><\/div><\/div><\/div><\/div><\/div><\/section>\n","protected":false},"excerpt":{"rendered":"El Camarote de Tom\u00e0s es un cl\u00e1sico de marisco y pescado en el coraz\u00f3n del Poble Sec.Desde el 1998 nuestra filosof\u00eda ha sido la de trabajar con producto de calidad, ofreciendo un trato directo y personalizado en nuestros clientes.Seleccionamos a diario producto de m\u00e1xima calidad, indiscutible protagonista de nuestro establecimiento, para ofrecerlo a nuestra vitrina:...","protected":false},"author":1,"featured_media":0,"parent":0,"menu_order":0,"comment_status":"closed","ping_status":"closed","template":"","meta":{"footnotes":""},"class_list":["post-43","page","type-page","status-publish","hentry"],"_links":{"self":[{"href":"https:\/\/camarotedetomas.com\/es\/wp-json\/wp\/v2\/pages\/43","targetHints":{"allow":["GET"]}}],"collection":[{"href":"https:\/\/camarotedetomas.com\/es\/wp-json\/wp\/v2\/pages"}],"about":[{"href":"https:\/\/camarotedetomas.com\/es\/wp-json\/wp\/v2\/types\/page"}],"author":[{"embeddable":true,"href":"https:\/\/camarotedetomas.com\/es\/wp-json\/wp\/v2\/users\/1"}],"replies":[{"embeddable":true,"href":"https:\/\/camarotedetomas.com\/es\/wp-json\/wp\/v2\/comments?post=43"}],"version-history":[{"count":183,"href":"https:\/\/camarotedetomas.com\/es\/wp-json\/wp\/v2\/pages\/43\/revisions"}],"predecessor-version":[{"id":907,"href":"https:\/\/camarotedetomas.com\/es\/wp-json\/wp\/v2\/pages\/43\/revisions\/907"}],"wp:attachment":[{"href":"https:\/\/camarotedetomas.com\/es\/wp-json\/wp\/v2\/media?parent=43"}],"curies":[{"name":"wp","href":"https:\/\/api.w.org\/{rel}","templated":true}]}}