{"id":1089,"date":"2024-10-29T11:53:56","date_gmt":"2024-10-29T10:53:56","guid":{"rendered":"https:\/\/camarotedetomas.com\/%e3%83%97%e3%83%ac%e3%82%b9\/"},"modified":"2025-03-05T18:36:31","modified_gmt":"2025-03-05T17:36:31","slug":"%e3%83%97%e3%83%ac%e3%82%b9","status":"publish","type":"page","link":"https:\/\/camarotedetomas.com\/ja\/%e3%83%97%e3%83%ac%e3%82%b9\/","title":{"rendered":"\u30d7\u30ec\u30b9"},"content":{"rendered":"<section class=\"l-section wpb_row height_small\"><div class=\"l-section-h i-cf\"><div class=\"g-cols vc_row via_grid cols_1 laptops-cols_inherit tablets-cols_inherit mobiles-cols_1 valign_top type_default stacking_default\"><div class=\"wpb_column vc_column_container\"><div class=\"vc_column-overlay\" style=\"background:rgba(255,255,255,0.40)\"><\/div><div class=\"vc_column-inner\"><h1 class=\"w-text us_custom_7a5ccc9b has_text_color\"><span class=\"w-text-h\"><span class=\"w-text-value\">\u30d7\u30ec\u30b9<\/span><\/span><\/h1><\/div><\/div><\/div><\/div><\/section><section class=\"l-section wpb_row height_small\"><div class=\"l-section-h i-cf\"><div class=\"g-cols vc_row via_grid cols_1 laptops-cols_inherit tablets-cols_inherit mobiles-cols_1 valign_top type_default stacking_default\"><div class=\"wpb_column vc_column_container\"><div class=\"vc_column-inner\"><div class=\"w-grid us_grid type_grid layout_510 cols_2 overflow_hidden preload_style_spinner\" id=\"us_grid_1\" style=\"--columns:2;--gap:4vh;\" data-filterable=\"true\"><style>@media (max-width:1040px){#us_grid_1{--columns:1!important}}@media (max-width:610px){#us_grid_1{--columns:1!important}}.layout_510 .w-grid-item-h{}@media(max-width:599px){.layout_510 .usg_post_content_1{display:none!important}}.layout_510 .usg_hwrapper_1{border-bottom-width:2px!important;border-color:var(--color-content-border)!important;border-bottom-style:solid!important}.layout_510 .usg_post_image_1{width:50%!important}.layout_510 .usg_vwrapper_1{width:50%!important;margin-bottom:5%!important;margin-right:0!important}.layout_510 .usg_post_title_1{color:var(--color-content-heading)!important;font-size:1.8rem!important;line-height:1.2!important;margin-bottom:0!important;margin-right:-35%!important;padding-top:1rem!important;padding-bottom:1rem!important;padding-right:1.2rem!important;background:var(--color-content-bg)!important}.layout_510 .usg_post_content_1{font-size:0.9rem!important;line-height:1.6!important;padding-right:1.5rem!important}.layout_510 .usg_btn_1{font-size:0.8rem!important;margin-right:40%!important}@media (min-width:1041px) and (max-width:1380px){.layout_510 .usg_btn_1{font-size:0.8rem!important;margin-right:40%!important}}@media (min-width:611px) and (max-width:1040px){.layout_510 .usg_btn_1{font-size:0.8rem!important;margin-right:40%!important}}@media (max-width:610px){.layout_510 .usg_post_title_1{font-size:1rem!important;margin-right:0!important;padding-bottom:0!important}.layout_510 .usg_btn_1{font-size:0.7rem!important;width:80%!important;margin-top:5%!important}}<\/style><div class=\"w-grid-list\">\t<article class=\"w-grid-item size_1x1 post-1071 attachment type-attachment status-inherit hentry us_media_category-la-vanguardia\" data-id=\"1071\">\r\n\t\t<div class=\"w-grid-item-h\">\r\n\t\t\t\t\t\t<div class=\"w-hwrapper usg_hwrapper_1 align_none valign_top\" style=\"--hwrapper-gap:1.20rem\"><div class=\"w-vwrapper usg_vwrapper_1 align_none valign_top\"><div class=\"w-hwrapper usg_hwrapper_2 align_none valign_top\"><div class=\"w-post-elm post_taxonomy usg_post_taxonomy_1 style_simple color_link_inherit\"><span class=\"term-9 term-la-vanguardia\">La Vanguardia<\/span><\/div><\/div><h3 class=\"w-post-elm post_title usg_post_title_1 has_text_color entry-title color_link_inherit\">El Camarote d\u2019en Tom\u00e1s, vuelve una marisquer\u00eda cl\u00e1sica de Barcelona<\/h3><div class=\"w-post-elm post_content usg_post_content_1\">Percebes, rodaballos o cigalas lucen en el mostrador de la peque\u00f1a marisquer\u00eda de la calle Lleida que tras jubilarse la familia propietaria, cambia de manos<\/div><a class=\"w-btn us-btn-style_6 usg_btn_1\" href=\"https:\/\/www.lavanguardia.com\/comer\/sitios\/20240503\/9607110\/camarote-tomas-vuelve-marisqueria-clasica-barcelona.html\"><span class=\"w-btn-label\">\u7d9a\u304d\u3092\u8aad\u3080&#8230;<\/span><\/a><\/div><div class=\"w-post-elm post_image usg_post_image_1 has_width has_ratio\"><img loading=\"lazy\" decoding=\"async\" width=\"2048\" height=\"2560\" src=\"https:\/\/camarotedetomas.com\/wp-content\/uploads\/2024\/11\/WEB-El-Camarote-de-Tomas-20241015-Barcelona-MoneoMoneo-06.jpg\" class=\"attachment-full size-full\" alt=\"\" \/><div style=\"padding-bottom:100%\"><\/div><\/div><\/div>\t\t<\/div>\r\n\t\t\t<\/article>\r\n\t<article class=\"w-grid-item size_1x1 post-965 attachment type-attachment status-inherit hentry us_media_category-el-nacional\" data-id=\"965\">\r\n\t\t<div class=\"w-grid-item-h\">\r\n\t\t\t\t\t\t<div class=\"w-hwrapper usg_hwrapper_1 align_none valign_top\" style=\"--hwrapper-gap:1.20rem\"><div class=\"w-vwrapper usg_vwrapper_1 align_none valign_top\"><div class=\"w-hwrapper usg_hwrapper_2 align_none valign_top\"><div class=\"w-post-elm post_taxonomy usg_post_taxonomy_1 style_simple color_link_inherit\"><span class=\"term-11 term-el-nacional\">El Nacional<\/span><\/div><\/div><h3 class=\"w-post-elm post_title usg_post_title_1 has_text_color entry-title color_link_inherit\">El Camarote d\u2019en Tom\u00e1s, vuelve una marisquer\u00eda cl\u00e1sica de Barcelona<\/h3><div class=\"w-post-elm post_content usg_post_content_1\">Percebes, rodaballos o cigalas lucen en el mostrador de la peque\u00f1a marisquer\u00eda de la calle Lleida que tras jubilarse la familia propietaria, cambia de manos<\/div><a class=\"w-btn us-btn-style_6 usg_btn_1\" href=\"https:\/\/www.elnacional.cat\/es\/gourmeteria\/restaurantes\/mejor-marisqueria-barcelona-clasico-poble-sec_1285242_102.html\"><span class=\"w-btn-label\">\u7d9a\u304d\u3092\u8aad\u3080&#8230;<\/span><\/a><\/div><div class=\"w-post-elm post_image usg_post_image_1 has_width has_ratio\"><img loading=\"lazy\" decoding=\"async\" width=\"2560\" height=\"1707\" src=\"https:\/\/camarotedetomas.com\/wp-content\/uploads\/2024\/09\/7MEGAS-El-Camarote-de-Tomas-20240430-Barcelona-MoneoMoneo-0010-scaled.jpg\" class=\"attachment-full size-full\" alt=\"\" \/><div style=\"padding-bottom:100%\"><\/div><\/div><\/div>\t\t<\/div>\r\n\t\t\t<\/article>\r\n\t<article class=\"w-grid-item size_1x1 post-1074 attachment type-attachment status-inherit hentry us_media_category-el-periodico\" data-id=\"1074\">\r\n\t\t<div class=\"w-grid-item-h\">\r\n\t\t\t\t\t\t<div class=\"w-hwrapper usg_hwrapper_1 align_none valign_top\" style=\"--hwrapper-gap:1.20rem\"><div class=\"w-vwrapper usg_vwrapper_1 align_none valign_top\"><div class=\"w-hwrapper usg_hwrapper_2 align_none valign_top\"><div class=\"w-post-elm post_taxonomy usg_post_taxonomy_1 style_simple color_link_inherit\"><span class=\"term-7 term-el-periodico\">El Peri\u00f3dico<\/span><\/div><\/div><h3 class=\"w-post-elm post_title usg_post_title_1 has_text_color entry-title color_link_inherit\">La marisquer\u00eda de Barcelona donde todo sigue igual de bien<\/h3><div class=\"w-post-elm post_content usg_post_content_1\">Josep Ribot y N\u00faria Espallargas est\u00e1n logrando su dif\u00edcil objetivo cuando hace unos meses tomaron las riendas de El Camarote d'en Tom\u00e0s, con m\u00e1s de 25 a\u00f1os de historia: conservar el alma y el nivel gastron\u00f3mico<\/div><a class=\"w-btn us-btn-style_6 usg_btn_1\" href=\"https:\/\/www.elperiodico.com\/es\/cata-mayor\/restaurantes\/20240715\/camararote-tomas-marisqueria-restaurante-barcelona-103990754\"><span class=\"w-btn-label\">\u7d9a\u304d\u3092\u8aad\u3080&#8230;<\/span><\/a><\/div><div class=\"w-post-elm post_image usg_post_image_1 has_width has_ratio\"><img loading=\"lazy\" decoding=\"async\" width=\"2048\" height=\"2560\" src=\"https:\/\/camarotedetomas.com\/wp-content\/uploads\/2024\/09\/WEB-El-Camarote-de-Tomas-20240705-Barcelona-MoneoMoneo-0006.jpg\" class=\"attachment-full size-full\" alt=\"\" \/><div style=\"padding-bottom:100%\"><\/div><\/div><\/div>\t\t<\/div>\r\n\t\t\t<\/article>\r\n\t<article class=\"w-grid-item size_1x1 post-1081 attachment type-attachment status-inherit hentry us_media_category-oscar-broc\" data-id=\"1081\">\r\n\t\t<div class=\"w-grid-item-h\">\r\n\t\t\t\t\t\t<div class=\"w-hwrapper usg_hwrapper_1 align_none valign_top\" style=\"--hwrapper-gap:1.20rem\"><div class=\"w-vwrapper usg_vwrapper_1 align_none valign_top\"><div class=\"w-hwrapper usg_hwrapper_2 align_none valign_top\"><div class=\"w-post-elm post_taxonomy usg_post_taxonomy_1 style_simple color_link_inherit\"><span class=\"term-10 term-oscar-broc\">\u00d2scar Broc<\/span><\/div><\/div><h3 class=\"w-post-elm post_title usg_post_title_1 has_text_color entry-title color_link_inherit\">Marisco y pescado fresco de gran calidad<\/h3><div class=\"w-post-elm post_content usg_post_content_1\">La espectacular gamba de Palam\u00f3s, el rodaballo con sus espinas para rechupar (sencillamente acojonante), las sabros\u00edsimas navajas, los percebes.<\/div><a class=\"w-btn us-btn-style_6 usg_btn_1\" href=\"https:\/\/www.instagram.com\/p\/C6lEnTAtizR\/?img_index=1\"><span class=\"w-btn-label\">\u7d9a\u304d\u3092\u8aad\u3080&#8230;<\/span><\/a><\/div><div class=\"w-post-elm post_image usg_post_image_1 has_width has_ratio\"><img loading=\"lazy\" decoding=\"async\" width=\"2048\" height=\"2560\" src=\"https:\/\/camarotedetomas.com\/wp-content\/uploads\/2024\/10\/7MEGAS-El-Camarote-de-Tomas-20240430-Barcelona-MoneoMoneo-0034-2-scaled.jpg\" class=\"attachment-full size-full\" alt=\"\" \/><div style=\"padding-bottom:100%\"><\/div><\/div><\/div>\t\t<\/div>\r\n\t\t\t<\/article>\r\n\t<article class=\"w-grid-item size_1x1 post-960 attachment type-attachment status-inherit hentry us_media_category-hule-mantel\" data-id=\"960\">\r\n\t\t<div class=\"w-grid-item-h\">\r\n\t\t\t\t\t\t<div class=\"w-hwrapper usg_hwrapper_1 align_none valign_top\" style=\"--hwrapper-gap:1.20rem\"><div class=\"w-vwrapper usg_vwrapper_1 align_none valign_top\"><div class=\"w-hwrapper usg_hwrapper_2 align_none valign_top\"><div class=\"w-post-elm post_taxonomy usg_post_taxonomy_1 style_simple color_link_inherit\"><span class=\"term-6 term-hule-mantel\">Hule &amp; Mantel<\/span><\/div><\/div><h3 class=\"w-post-elm post_title usg_post_title_1 has_text_color entry-title color_link_inherit\">La marisquer\u00eda de Barcelona donde todo sigue igual de bien<\/h3><div class=\"w-post-elm post_content usg_post_content_1\">Josep Ribot y N\u00faria Espallargas est\u00e1n logrando su dif\u00edcil objetivo cuando hace unos meses tomaron las riendas de El Camarote d'en Tom\u00e0s, con m\u00e1s de 25 a\u00f1os de historia: conservar el alma y el nivel gastron\u00f3mico<\/div><a class=\"w-btn us-btn-style_6 usg_btn_1\" href=\"https:\/\/www.huleymantel.com\/barras-estrellas\/donde-comer\/marisqueria-camarote-en-tomas-barcelona-mantiene-su-esencia-familiar-pese-traspaso_102261_102.html\"><span class=\"w-btn-label\">\u7d9a\u304d\u3092\u8aad\u3080&#8230;<\/span><\/a><\/div><div class=\"w-post-elm post_image usg_post_image_1 has_width has_ratio\"><img loading=\"lazy\" decoding=\"async\" width=\"2560\" height=\"1707\" src=\"https:\/\/camarotedetomas.com\/wp-content\/uploads\/2024\/09\/7MEGAS-El-Camarote-de-Tomas-20240430-Barcelona-MoneoMoneo-0003-scaled.jpg\" class=\"attachment-full size-full\" alt=\"\" \/><div style=\"padding-bottom:100%\"><\/div><\/div><\/div>\t\t<\/div>\r\n\t\t\t<\/article>\r\n\t<article class=\"w-grid-item size_1x1 post-1076 attachment type-attachment status-inherit hentry us_media_category-trinitat-gilbert\" data-id=\"1076\">\r\n\t\t<div class=\"w-grid-item-h\">\r\n\t\t\t\t\t\t<div class=\"w-hwrapper usg_hwrapper_1 align_none valign_top\" style=\"--hwrapper-gap:1.20rem\"><div class=\"w-vwrapper usg_vwrapper_1 align_none valign_top\"><div class=\"w-hwrapper usg_hwrapper_2 align_none valign_top\"><div class=\"w-post-elm post_taxonomy usg_post_taxonomy_1 style_simple color_link_inherit\"><span class=\"term-21 term-trinitat-gilbert\">Trinitat Gilbert<\/span><\/div><\/div><h3 class=\"w-post-elm post_title usg_post_title_1 has_text_color entry-title color_link_inherit\">Foodie &#8211; Barcelona<\/h3><div class=\"w-post-elm post_content usg_post_content_1\">He ido a un \nrestaurante \nde toda la vida<\/div><a class=\"w-btn us-btn-style_6 usg_btn_1\" href=\"https:\/\/foodie-culture.com\/wp-content\/uploads\/2024\/07\/N15.pdf\"><span class=\"w-btn-label\">\u7d9a\u304d\u3092\u8aad\u3080&#8230;<\/span><\/a><\/div><div class=\"w-post-elm post_image usg_post_image_1 has_width has_ratio\"><img loading=\"lazy\" decoding=\"async\" width=\"642\" height=\"907\" src=\"https:\/\/camarotedetomas.com\/wp-content\/uploads\/2024\/11\/Captura-de-pantalla_14-11-2024_103043_foodie-culture.com_-e1731601212253.jpeg\" class=\"attachment-full size-full\" alt=\"\" \/><div style=\"padding-bottom:100%\"><\/div><\/div><\/div>\t\t<\/div>\r\n\t\t\t<\/article>\r\n\t<article class=\"w-grid-item size_1x1 post-1078 attachment type-attachment status-inherit hentry us_media_category-mengem-ara\" data-id=\"1078\">\r\n\t\t<div class=\"w-grid-item-h\">\r\n\t\t\t\t\t\t<div class=\"w-hwrapper usg_hwrapper_1 align_none valign_top\" style=\"--hwrapper-gap:1.20rem\"><div class=\"w-vwrapper usg_vwrapper_1 align_none valign_top\"><div class=\"w-hwrapper usg_hwrapper_2 align_none valign_top\"><div class=\"w-post-elm post_taxonomy usg_post_taxonomy_1 style_simple color_link_inherit\"><span class=\"term-8 term-mengem-ara\">Mengem Ara<\/span><\/div><\/div><h3 class=\"w-post-elm post_title usg_post_title_1 has_text_color entry-title color_link_inherit\">El Camarote de Tom\u00e1s: enamorats dels escamarlans<\/h3><div class=\"w-post-elm post_content usg_post_content_1\">Reobert al mes de febrer al carrer Lleida de Barcelona, est\u00e0 dirigit per Josep Ribot i N\u00faria Espallargas<\/div><a class=\"w-btn us-btn-style_6 usg_btn_1\" href=\"https:\/\/mengem.ara.cat\/restaurants\/camarote-tomas-marisqueria-tota-vida-no-falta-mitica-esqueixada-bacalla_1_5051882.html\"><span class=\"w-btn-label\">\u7d9a\u304d\u3092\u8aad\u3080&#8230;<\/span><\/a><\/div><div class=\"w-post-elm post_image usg_post_image_1 has_width has_ratio\"><img loading=\"lazy\" decoding=\"async\" width=\"775\" height=\"436\" src=\"https:\/\/camarotedetomas.com\/wp-content\/uploads\/2024\/10\/cc8266fc-c8e7-4f77-9708-ef051297b290_16-9-aspect-ratio_775w_0.png\" class=\"attachment-full size-full\" alt=\"\" \/><div style=\"padding-bottom:100%\"><\/div><\/div><\/div>\t\t<\/div>\r\n\t\t\t<\/article>\r\n<\/div>\t<div class=\"w-grid-preloader\">\r\n\t\t<div class=\"g-preloader type_1\">\r\n\t\t\t<div><\/div>\r\n\t\t<\/div>\r\n\t<\/div>\r\n\t\t<div class=\"w-grid-json hidden\" onclick='return {&quot;action&quot;:&quot;us_ajax_grid&quot;,&quot;infinite_scroll&quot;:0,&quot;max_num_pages&quot;:1,&quot;pagination&quot;:&quot;none&quot;,&quot;template_vars&quot;:{&quot;columns&quot;:&quot;2&quot;,&quot;exclude_items&quot;:&quot;none&quot;,&quot;img_size&quot;:&quot;full&quot;,&quot;ignore_items_size&quot;:0,&quot;items_layout&quot;:&quot;510&quot;,&quot;items_offset&quot;:&quot;1&quot;,&quot;load_animation&quot;:&quot;none&quot;,&quot;overriding_link&quot;:&quot;%7B%22url%22%3A%22%22%7D&quot;,&quot;post_id&quot;:0,&quot;query_args&quot;:{&quot;post_type&quot;:[&quot;attachment&quot;],&quot;post__in&quot;:[&quot;909&quot;,&quot;1071&quot;,&quot;965&quot;,&quot;1074&quot;,&quot;1081&quot;,&quot;960&quot;,&quot;1076&quot;,&quot;1078&quot;],&quot;post_status&quot;:&quot;inherit&quot;,&quot;post_mime_type&quot;:&quot;image&quot;,&quot;posts_per_page&quot;:&quot;20&quot;},&quot;orderby_query_args&quot;:{&quot;orderby&quot;:{&quot;post__in&quot;:&quot;ASC&quot;},&quot;order&quot;:&quot;ASC&quot;},&quot;type&quot;:&quot;grid&quot;,&quot;us_grid_post_type&quot;:&quot;attachment&quot;,&quot;us_grid_ajax_index&quot;:1,&quot;us_grid_filter_query_string&quot;:null,&quot;us_grid_index&quot;:1,&quot;page_args&quot;:[],&quot;lang&quot;:&quot;ja&quot;}}'><\/div>\r\n\t<\/div><\/div><\/div><\/div><\/div><\/section>\n","protected":false},"excerpt":{"rendered":"Reobert al mes de febrer al carrer Lleida de Barcelona,...","protected":false},"author":1,"featured_media":0,"parent":0,"menu_order":0,"comment_status":"closed","ping_status":"closed","template":"","meta":{"footnotes":""},"class_list":["post-1089","page","type-page","status-publish","hentry"],"_links":{"self":[{"href":"https:\/\/camarotedetomas.com\/ja\/wp-json\/wp\/v2\/pages\/1089","targetHints":{"allow":["GET"]}}],"collection":[{"href":"https:\/\/camarotedetomas.com\/ja\/wp-json\/wp\/v2\/pages"}],"about":[{"href":"https:\/\/camarotedetomas.com\/ja\/wp-json\/wp\/v2\/types\/page"}],"author":[{"embeddable":true,"href":"https:\/\/camarotedetomas.com\/ja\/wp-json\/wp\/v2\/users\/1"}],"replies":[{"embeddable":true,"href":"https:\/\/camarotedetomas.com\/ja\/wp-json\/wp\/v2\/comments?post=1089"}],"version-history":[{"count":4,"href":"https:\/\/camarotedetomas.com\/ja\/wp-json\/wp\/v2\/pages\/1089\/revisions"}],"predecessor-version":[{"id":1094,"href":"https:\/\/camarotedetomas.com\/ja\/wp-json\/wp\/v2\/pages\/1089\/revisions\/1094"}],"wp:attachment":[{"href":"https:\/\/camarotedetomas.com\/ja\/wp-json\/wp\/v2\/media?parent=1089"}],"curies":[{"name":"wp","href":"https:\/\/api.w.org\/{rel}","templated":true}]}}